{"id":1220,"date":"2019-08-16T12:12:15","date_gmt":"2019-08-16T12:12:15","guid":{"rendered":"https:\/\/www.arakcompany.com.tr\/en\/?page_id=1220"},"modified":"2025-07-06T10:39:34","modified_gmt":"2025-07-06T10:39:34","slug":"%d8%b3%d9%83%d9%86%d9%8a%d8%a9","status":"publish","type":"page","link":"https:\/\/www.arakcompany.com.tr\/en\/%d8%b3%d9%83%d9%86%d9%8a%d8%a9\/","title":{"rendered":"Residential"},"content":{"rendered":"\n<style type=\"text\/css\" data-created_by=\"avia_inline_auto\" id=\"style-css-av-6xxpmi-24e26c316c79a288bcee2f783db531cf\">\n.avia-section.av-6xxpmi-24e26c316c79a288bcee2f783db531cf .av-parallax .av-parallax-inner{\nbackground-repeat:no-repeat;\nbackground-image:url(https:\/\/www.arakcompany.com.tr\/en\/wp-content\/uploads\/sites\/6\/2019\/08\/Untitled-1-copy-2.jpg);\nbackground-position:50% 100%;\nbackground-attachment:scroll;\n}\n.avia-section.av-6xxpmi-24e26c316c79a288bcee2f783db531cf .av-section-color-overlay{\nopacity:0.5;\nbackground-color:#000000;\n}\n<\/style>\n<div id='av_section_1'  class='avia-section av-6xxpmi-24e26c316c79a288bcee2f783db531cf main_color avia-section-default avia-no-shadow  avia-builder-el-0  el_before_av_portfolio  avia-builder-el-first  avia-full-stretch av-parallax-section avia-bg-style-parallax av-section-color-overlay-active av-minimum-height av-minimum-height-25 av-height-25  container_wrap sidebar_right'  data-section-bg-repeat='stretch' data-av_minimum_height_pc='25' data-av_min_height_opt='25'><div class='av-parallax' data-avia-parallax-ratio='0.3' ><div class='av-parallax-inner main_color avia-full-stretch'><\/div><\/div><div class=\"av-section-color-overlay-wrap\"><div class=\"av-section-color-overlay\"><\/div><a href='#next-section' title='' class='scroll-down-link ' aria-hidden='true' data-av_icon='\ue877' data-av_iconfont='entypo-fontello'><\/a><div class='container av-section-cont-open' ><main  role=\"main\" itemprop=\"mainContentOfPage\"  class='template-page content  av-content-small alpha units'><div class='post-entry post-entry-type-page post-entry-1220'><div class='entry-content-wrapper clearfix'>\n\n<style type=\"text\/css\" data-created_by=\"avia_inline_auto\" id=\"style-css-av-6nsaj6-e70aa09881427e4ab646fd75e66d6ee7\">\n.flex_column.av-6nsaj6-e70aa09881427e4ab646fd75e66d6ee7{\nborder-radius:0px 0px 0px 0px;\npadding:0px 0px 0px 0px;\n}\n<\/style>\n<div  class='flex_column av-6nsaj6-e70aa09881427e4ab646fd75e66d6ee7 av_one_full  avia-builder-el-1  avia-builder-el-no-sibling  first flex_column_div av-animated-generic bottom-to-top av-zero-column-padding  '     ><p>\n<style type=\"text\/css\" data-created_by=\"avia_inline_auto\" id=\"style-css-av-jzfbzea7-3d3f725025717b0d958d86491df4d4b4\">\n#top .av-special-heading.av-jzfbzea7-3d3f725025717b0d958d86491df4d4b4{\npadding-bottom:0;\ncolor:#ffffff;\nfont-size:40px;\n}\nbody .av-special-heading.av-jzfbzea7-3d3f725025717b0d958d86491df4d4b4 .av-special-heading-tag .heading-char{\nfont-size:25px;\n}\n#top #wrap_all .av-special-heading.av-jzfbzea7-3d3f725025717b0d958d86491df4d4b4 .av-special-heading-tag{\nfont-size:40px;\n}\n.av-special-heading.av-jzfbzea7-3d3f725025717b0d958d86491df4d4b4 .special-heading-inner-border{\nborder-color:#ffffff;\n}\n.av-special-heading.av-jzfbzea7-3d3f725025717b0d958d86491df4d4b4 .av-subheading{\nfont-size:15px;\n}\n\n@media only screen and (min-width: 480px) and (max-width: 767px){ \n#top #wrap_all .av-special-heading.av-jzfbzea7-3d3f725025717b0d958d86491df4d4b4 .av-special-heading-tag{\nfont-size:0.8em;\n}\n}\n\n@media only screen and (max-width: 479px){ \n#top #wrap_all .av-special-heading.av-jzfbzea7-3d3f725025717b0d958d86491df4d4b4 .av-special-heading-tag{\nfont-size:0.8em;\n}\n}\n<\/style>\n<div  class='av-special-heading av-jzfbzea7-3d3f725025717b0d958d86491df4d4b4 av-special-heading-h3 custom-color-heading blockquote modern-quote modern-centered  avia-builder-el-2  el_before_av_hr  avia-builder-el-first  av-inherit-size av-linked-heading'><h3 class='av-special-heading-tag '  itemprop=\"headline\"  >Residential<\/h3><div class=\"special-heading-border\"><div class=\"special-heading-inner-border\"><\/div><\/div><\/div><br \/>\n\n<style type=\"text\/css\" data-created_by=\"avia_inline_auto\" id=\"style-css-av-6divx6-6152ec8bb75d43a0e6d0fd219d572a28\">\n#top .hr.av-6divx6-6152ec8bb75d43a0e6d0fd219d572a28{\nmargin-top:5px;\nmargin-bottom:35px;\n}\n.hr.av-6divx6-6152ec8bb75d43a0e6d0fd219d572a28 .hr-inner{\nwidth:50px;\nborder-color:#ffffff;\n}\n<\/style>\n<div  class='hr av-6divx6-6152ec8bb75d43a0e6d0fd219d572a28 hr-custom  avia-builder-el-3  el_after_av_heading  avia-builder-el-last  hr-center hr-icon-no'><span class='hr-inner inner-border-av-border-fat'><span class=\"hr-inner-style\"><\/span><\/span><\/div><\/p><\/div><div  id=\"av-sc-portfolio-1\"  class=\"av-portfolio-grid-sorting-container\"><div class='sort_width_container  av-sort-yes' data-portfolio-id='1' ><div id='js_sort_items' ><div class='sort_by_cat hidden'><a href=\"#\" data-filter=\"all_sort\" class=\"all_sort_button active_sort\"><span class=\"inner_sort_button\"><span>All<\/span><small class=\"av-cat-count\"> 6 <\/small><\/span><\/a><span class=\"text-sep d8b3d983d986d98ad8a9_sort_sep\">\/<\/span><a href=\"#\" data-filter=\"d8b3d983d986d98ad8a9_sort\" class=\"d8b3d983d986d98ad8a9_sort_button\" ><span class=\"inner_sort_button\"><span>\u0633\u0643\u0646\u064a\u0629<\/span><small class=\"av-cat-count\"> 6 <\/small><\/span><\/a><\/div><\/div><\/div><div  class=' grid-sort-container isotope   no_margin-container with-excerpt-container grid-total-even grid-col-6 grid-links-' data-portfolio-id='1'><div data-ajax-id='1108' class=' grid-entry flex_column isotope-item all_sort no_margin post-entry post-entry-1108 grid-entry-overview grid-loop-1 grid-parity-odd  d8add984d8a8-d8b3d988d8b1d98ad8a7_sort d8b3d983d986d98ad8a9_sort d985d8b4d8a7d8b1d98ad8b9-d8a7d986d8b4d8a7d8a6d98ad8a9_sort  av_one_sixth first default_av_fullwidth '><article class='main_color inner-entry'  itemscope=\"itemscope\" itemtype=\"https:\/\/schema.org\/CreativeWork\" ><a href=\"https:\/\/www.arakcompany.com.tr\/en\/Arak\/%d8%a8%d9%86%d8%a7%d8%a1-%d8%b3%d9%83%d9%86%d9%8a-%d9%81%d9%8a-%d9%85%d9%86%d8%b7%d9%82%d8%a9-%d9%85%d8%b9%d8%a7%d8%b1%d8%a9\/\" title='Residential building in Maarat area.'  data-rel='grid-1' class='grid-image avia-hover-fx'> <img fetchpriority=\"high\" fetchpriority=\"high\" decoding=\"async\" fetchpriority=\"high\" width=\"260\" height=\"185\" src=\"https:\/\/www.arakcompany.com.tr\/en\/wp-content\/uploads\/sites\/6\/2019\/08\/17062010505-495x400-1-260x185.jpg\" class=\"wp-image-1806 avia-img-lazy-loading-not-1806 attachment-portfolio_small size-portfolio_small wp-post-image\" alt=\"\" \/><\/a><div class='grid-content'><div class='avia-arrow'><\/div><header class=\"entry-content-header\" aria-label=\"Portfolio: Residential building in Maarat area.\"><h3 class='grid-entry-title entry-title '  itemprop=\"headline\" ><a href='https:\/\/www.arakcompany.com.tr\/en\/Arak\/%d8%a8%d9%86%d8%a7%d8%a1-%d8%b3%d9%83%d9%86%d9%8a-%d9%81%d9%8a-%d9%85%d9%86%d8%b7%d9%82%d8%a9-%d9%85%d8%b9%d8%a7%d8%b1%d8%a9\/' title='Residential building in Maarat area.'>Residential building in Maarat area.<\/a><\/h3><\/header><\/div><footer class=\"entry-footer\"><\/footer><\/article><\/div><div data-ajax-id='1025' class=' grid-entry flex_column isotope-item all_sort no_margin post-entry post-entry-1025 grid-entry-overview grid-loop-2 grid-parity-even  d8add984d8a8-d8b3d988d8b1d98ad8a7_sort d8b3d983d986d98ad8a9_sort d985d8b4d8a7d8b1d98ad8b9-d8a7d986d8b4d8a7d8a6d98ad8a9_sort  av_one_sixth  default_av_fullwidth '><article class='main_color inner-entry'  itemscope=\"itemscope\" itemtype=\"https:\/\/schema.org\/CreativeWork\" ><a href=\"https:\/\/www.arakcompany.com.tr\/en\/Arak\/%d9%81%d9%8a%d9%84%d8%a7-%d8%b3%d9%83%d9%86%d9%8a%d8%a9\/\" title='Residential Villa'  data-rel='grid-1' class='grid-image avia-hover-fx'> <img fetchpriority=\"high\" fetchpriority=\"high\" decoding=\"async\" fetchpriority=\"high\" width=\"260\" height=\"185\" src=\"https:\/\/www.arakcompany.com.tr\/en\/wp-content\/uploads\/sites\/6\/2019\/08\/201020111471-1-260x185.jpg\" class=\"wp-image-1036 avia-img-lazy-loading-not-1036 attachment-portfolio_small size-portfolio_small wp-post-image\" alt=\"\" \/><\/a><div class='grid-content'><div class='avia-arrow'><\/div><header class=\"entry-content-header\" aria-label=\"Portfolio: Residential Villa\"><h3 class='grid-entry-title entry-title '  itemprop=\"headline\" ><a href='https:\/\/www.arakcompany.com.tr\/en\/Arak\/%d9%81%d9%8a%d9%84%d8%a7-%d8%b3%d9%83%d9%86%d9%8a%d8%a9\/' title='Residential Villa'>Residential Villa<\/a><\/h3><\/header><\/div><footer class=\"entry-footer\"><\/footer><\/article><\/div><div data-ajax-id='981' class=' grid-entry flex_column isotope-item all_sort no_margin post-entry post-entry-981 grid-entry-overview grid-loop-3 grid-parity-odd  d8add984d8a8-d8b3d988d8b1d98ad8a7_sort d8b3d983d986d98ad8a9_sort d985d8b4d8a7d8b1d98ad8b9-d8a7d986d8b4d8a7d8a6d98ad8a9_sort  av_one_sixth  default_av_fullwidth '><article class='main_color inner-entry'  itemscope=\"itemscope\" itemtype=\"https:\/\/schema.org\/CreativeWork\" ><a href=\"https:\/\/www.arakcompany.com.tr\/en\/Arak\/%d9%85%d8%b4%d8%b1%d9%88%d8%b9-%d8%b2%d9%87%d8%b1%d8%a7%d8%a1\/\" title='Al-Zahra Association Project'  data-rel='grid-1' class='grid-image avia-hover-fx'> <img fetchpriority=\"high\" fetchpriority=\"high\" decoding=\"async\" fetchpriority=\"high\" width=\"260\" height=\"185\" src=\"https:\/\/www.arakcompany.com.tr\/en\/wp-content\/uploads\/sites\/6\/2019\/08\/Image\u0662\u0666\u0664\u0662-260x185.jpg\" class=\"wp-image-989 avia-img-lazy-loading-not-989 attachment-portfolio_small size-portfolio_small wp-post-image\" alt=\"\" \/><\/a><div class='grid-content'><div class='avia-arrow'><\/div><header class=\"entry-content-header\" aria-label=\"Portfolio: Al-Zahra Association Project\"><h3 class='grid-entry-title entry-title '  itemprop=\"headline\" ><a href='https:\/\/www.arakcompany.com.tr\/en\/Arak\/%d9%85%d8%b4%d8%b1%d9%88%d8%b9-%d8%b2%d9%87%d8%b1%d8%a7%d8%a1\/' title='Al-Zahra Association Project'>Al-Zahra Association Project<\/a><\/h3><\/header><\/div><footer class=\"entry-footer\"><\/footer><\/article><\/div><div data-ajax-id='638' class=' grid-entry flex_column isotope-item all_sort no_margin post-entry post-entry-638 grid-entry-overview grid-loop-4 grid-parity-even  d8a7d8b3d8b7d986d8a8d988d984_sort d8b3d983d986d98ad8a9_sort d985d8b4d8a7d8b1d98ad8b9-d8a7d986d8b4d8a7d8a6d98ad8a9_sort  av_one_sixth  default_av_fullwidth '><article class='main_color inner-entry'  itemscope=\"itemscope\" itemtype=\"https:\/\/schema.org\/CreativeWork\" ><a href=\"https:\/\/www.arakcompany.com.tr\/en\/Arak\/%d8%a8%d9%86%d8%a7%d8%a1-%d8%b3%d9%83%d9%86%d9%8a-%d9%81%d9%8a-%d9%85%d9%86%d8%b7%d9%82%d8%a9-%d8%ba%d9%88%d9%86%d9%8a%d8%b4%d9%84%d9%8a\/\" title='Residential building in G\u00fcne\u015fli area.'  data-rel='grid-1' class='grid-image avia-hover-fx'> <img fetchpriority=\"high\" fetchpriority=\"high\" decoding=\"async\" fetchpriority=\"high\" width=\"260\" height=\"185\" src=\"https:\/\/www.arakcompany.com.tr\/en\/wp-content\/uploads\/sites\/6\/2019\/07\/f27685d0-d3a2-4c23-b8b2-f5dd84834116-1-529x705-1-260x185.jpg\" class=\"wp-image-1797 avia-img-lazy-loading-not-1797 attachment-portfolio_small size-portfolio_small wp-post-image\" alt=\"\" srcset=\"https:\/\/www.arakcompany.com.tr\/en\/wp-content\/uploads\/sites\/6\/2019\/07\/f27685d0-d3a2-4c23-b8b2-f5dd84834116-1-529x705-1-260x185.jpg 260w, https:\/\/www.arakcompany.com.tr\/en\/wp-content\/uploads\/sites\/6\/2019\/07\/f27685d0-d3a2-4c23-b8b2-f5dd84834116-1-529x705-1-529x375.jpg 529w\" sizes=\"(max-width: 260px) 100vw, 260px\" \/><\/a><div class='grid-content'><div class='avia-arrow'><\/div><header class=\"entry-content-header\" aria-label=\"Portfolio: Residential building in G\u00fcne\u015fli area.\"><h3 class='grid-entry-title entry-title '  itemprop=\"headline\" ><a href='https:\/\/www.arakcompany.com.tr\/en\/Arak\/%d8%a8%d9%86%d8%a7%d8%a1-%d8%b3%d9%83%d9%86%d9%8a-%d9%81%d9%8a-%d9%85%d9%86%d8%b7%d9%82%d8%a9-%d8%ba%d9%88%d9%86%d9%8a%d8%b4%d9%84%d9%8a\/' title='Residential building in G\u00fcne\u015fli area.'>Residential building in G\u00fcne\u015fli area.<\/a><\/h3><\/header><\/div><footer class=\"entry-footer\"><\/footer><\/article><\/div><div data-ajax-id='582' class=' grid-entry flex_column isotope-item all_sort no_margin post-entry post-entry-582 grid-entry-overview grid-loop-5 grid-parity-odd  d8add984d8a8-d8b3d988d8b1d98ad8a7_sort d8b3d983d986d98ad8a9_sort d985d8b4d8a7d8b1d98ad8b9-d8a7d986d8b4d8a7d8a6d98ad8a9_sort  av_one_sixth  default_av_fullwidth '><article class='main_color inner-entry'  itemscope=\"itemscope\" itemtype=\"https:\/\/schema.org\/CreativeWork\" ><a href=\"https:\/\/www.arakcompany.com.tr\/en\/Arak\/%d9%81%d9%8a%d9%84%d8%a7-%d8%b3%d9%83%d9%86%d9%8a%d8%a9-%d9%81%d9%8a-%d8%b6%d8%a7%d8%ad%d9%8a%d8%a9-%d8%a7%d9%84%d8%a3%d8%b3%d8%af\/\" title='Residential Villa in Al-Assad Suburb'  data-rel='grid-1' class='grid-image avia-hover-fx'> <img fetchpriority=\"high\" fetchpriority=\"high\" decoding=\"async\" fetchpriority=\"high\" width=\"260\" height=\"185\" src=\"https:\/\/www.arakcompany.com.tr\/en\/wp-content\/uploads\/sites\/6\/2019\/07\/30705741_1118920294917749_6181853411004920406_n-2-495x400-1-260x185.jpg\" class=\"wp-image-1815 avia-img-lazy-loading-not-1815 attachment-portfolio_small size-portfolio_small wp-post-image\" alt=\"\" \/><\/a><div class='grid-content'><div class='avia-arrow'><\/div><header class=\"entry-content-header\" aria-label=\"Portfolio: Residential Villa in Al-Assad Suburb\"><h3 class='grid-entry-title entry-title '  itemprop=\"headline\" ><a href='https:\/\/www.arakcompany.com.tr\/en\/Arak\/%d9%81%d9%8a%d9%84%d8%a7-%d8%b3%d9%83%d9%86%d9%8a%d8%a9-%d9%81%d9%8a-%d8%b6%d8%a7%d8%ad%d9%8a%d8%a9-%d8%a7%d9%84%d8%a3%d8%b3%d8%af\/' title='Residential Villa in Al-Assad Suburb'>Residential Villa in Al-Assad Suburb<\/a><\/h3><\/header><\/div><footer class=\"entry-footer\"><\/footer><\/article><\/div><div data-ajax-id='542' class=' grid-entry flex_column isotope-item all_sort no_margin post-entry post-entry-542 grid-entry-overview grid-loop-6 grid-parity-even  post-entry-last  d8b3d983d986d98ad8a9_sort d8bad8a7d8b2d98a-d8b9d986d8aad8a7d8a8_sort d985d8b4d8a7d8b1d98ad8b9-d8a7d986d8b4d8a7d8a6d98ad8a9_sort  av_one_sixth  default_av_fullwidth '><article class='main_color inner-entry'  itemscope=\"itemscope\" itemtype=\"https:\/\/schema.org\/CreativeWork\" ><a href=\"https:\/\/www.arakcompany.com.tr\/en\/Arak\/%d8%a8%d9%86%d8%a7%d8%a1-%d8%b3%d9%83%d9%86%d9%8a-%d9%81%d9%8a-%d9%85%d9%86%d8%b7%d9%82%d8%a9-%d9%82%d8%b1%d8%b7%d8%a7%d8%b4\/\" title='Residential Building in Karata\u015f'  data-rel='grid-1' class='grid-image avia-hover-fx'> <img fetchpriority=\"high\" fetchpriority=\"high\" decoding=\"async\" fetchpriority=\"high\" width=\"260\" height=\"185\" src=\"https:\/\/www.arakcompany.com.tr\/en\/wp-content\/uploads\/sites\/6\/2025\/07\/01-01-705x551-1-260x185.jpg\" class=\"wp-image-1790 avia-img-lazy-loading-not-1790 attachment-portfolio_small size-portfolio_small wp-post-image\" alt=\"\" \/><\/a><div class='grid-content'><div class='avia-arrow'><\/div><header class=\"entry-content-header\" aria-label=\"Portfolio: Residential Building in Karata\u015f\"><h3 class='grid-entry-title entry-title '  itemprop=\"headline\" ><a href='https:\/\/www.arakcompany.com.tr\/en\/Arak\/%d8%a8%d9%86%d8%a7%d8%a1-%d8%b3%d9%83%d9%86%d9%8a-%d9%81%d9%8a-%d9%85%d9%86%d8%b7%d9%82%d8%a9-%d9%82%d8%b1%d8%b7%d8%a7%d8%b4\/' title='Residential Building in Karata\u015f'>Residential Building in Karata\u015f<\/a><\/h3><\/header><\/div><footer class=\"entry-footer\"><\/footer><\/article><\/div><\/div><\/div>   <!--   class=\"av-portfolio-grid-sorting-container\"  --><\/p>\n","protected":false},"excerpt":{"rendered":"","protected":false},"author":1,"featured_media":0,"parent":0,"menu_order":0,"comment_status":"closed","ping_status":"closed","template":"","meta":{"footnotes":""},"class_list":["post-1220","page","type-page","status-publish","hentry"],"_links":{"self":[{"href":"https:\/\/www.arakcompany.com.tr\/en\/wp-json\/wp\/v2\/pages\/1220","targetHints":{"allow":["GET"]}}],"collection":[{"href":"https:\/\/www.arakcompany.com.tr\/en\/wp-json\/wp\/v2\/pages"}],"about":[{"href":"https:\/\/www.arakcompany.com.tr\/en\/wp-json\/wp\/v2\/types\/page"}],"author":[{"embeddable":true,"href":"https:\/\/www.arakcompany.com.tr\/en\/wp-json\/wp\/v2\/users\/1"}],"replies":[{"embeddable":true,"href":"https:\/\/www.arakcompany.com.tr\/en\/wp-json\/wp\/v2\/comments?post=1220"}],"version-history":[{"count":3,"href":"https:\/\/www.arakcompany.com.tr\/en\/wp-json\/wp\/v2\/pages\/1220\/revisions"}],"predecessor-version":[{"id":1667,"href":"https:\/\/www.arakcompany.com.tr\/en\/wp-json\/wp\/v2\/pages\/1220\/revisions\/1667"}],"wp:attachment":[{"href":"https:\/\/www.arakcompany.com.tr\/en\/wp-json\/wp\/v2\/media?parent=1220"}],"curies":[{"name":"wp","href":"https:\/\/api.w.org\/{rel}","templated":true}]}}