{"id":23,"date":"2015-10-15T15:32:40","date_gmt":"2015-10-15T15:32:40","guid":{"rendered":"http:\/\/wpoffice\/construction\/?page_id=23"},"modified":"2019-08-19T11:02:03","modified_gmt":"2019-08-19T11:02:03","slug":"%d8%aa%d9%88%d8%a7%d8%b5%d9%84","status":"publish","type":"page","link":"https:\/\/www.arakcompany.com.tr\/ar\/%d8%aa%d9%88%d8%a7%d8%b5%d9%84\/","title":{"rendered":"\u062a\u0648\u0627\u0635\u0644"},"content":{"rendered":"\n<style type=\"text\/css\" data-created_by=\"avia_inline_auto\" id=\"style-css-av-934mz-60105562a5a1883cf231f69218dbf513\">\n.flex_column.av-934mz-60105562a5a1883cf231f69218dbf513{\nborder-radius:0px 0px 0px 0px;\npadding:0px 0px 0px 0px;\n}\n<\/style>\n<div  class='flex_column av-934mz-60105562a5a1883cf231f69218dbf513 av_two_third  avia-builder-el-0  el_before_av_one_third  avia-builder-el-first  first flex_column_div av-animated-generic bottom-to-top av-zero-column-padding  '     ><p>\n<style type=\"text\/css\" data-created_by=\"avia_inline_auto\" id=\"style-css-av-pbwf-73273d947e12cabb3691dfe2675482ca\">\n#top .av-special-heading.av-pbwf-73273d947e12cabb3691dfe2675482ca{\npadding-bottom:0;\n}\nbody .av-special-heading.av-pbwf-73273d947e12cabb3691dfe2675482ca .av-special-heading-tag .heading-char{\nfont-size:25px;\n}\n.av-special-heading.av-pbwf-73273d947e12cabb3691dfe2675482ca .av-subheading{\nfont-size:15px;\n}\n<\/style>\n<div  class='av-special-heading av-pbwf-73273d947e12cabb3691dfe2675482ca av-special-heading-h3 blockquote modern-quote modern-centered  avia-builder-el-1  el_before_av_hr  avia-builder-el-first '><h3 class='av-special-heading-tag '  itemprop=\"headline\"  >\u0627\u062a\u0635\u0644 \u0628\u0646\u0627<\/h3><div class=\"special-heading-border\"><div class=\"special-heading-inner-border\"><\/div><\/div><\/div><br \/>\n\n<style type=\"text\/css\" data-created_by=\"avia_inline_auto\" id=\"style-css-av-7ytv7-9d06c4d6725f9fb4bdf52666147d77ec\">\n#top .hr.av-7ytv7-9d06c4d6725f9fb4bdf52666147d77ec{\nmargin-top:10px;\nmargin-bottom:10px;\n}\n.hr.av-7ytv7-9d06c4d6725f9fb4bdf52666147d77ec .hr-inner{\nwidth:50px;\nborder-color:#2d5c88;\n}\n<\/style>\n<div  class='hr av-7ytv7-9d06c4d6725f9fb4bdf52666147d77ec hr-custom  avia-builder-el-2  el_after_av_heading  el_before_av_contact  hr-center hr-icon-no'><span class='hr-inner inner-border-av-border-fat'><span class=\"hr-inner-style\"><\/span><\/span><\/div><br \/>\n<form action=\"https:\/\/www.arakcompany.com.tr\/ar\/%d8%aa%d9%88%d8%a7%d8%b5%d9%84\/\" method=\"post\" data-fields-with-error=\"Found errors in the following field(s):\" class=\"avia_ajax_form av-form-labels-visible   avia-builder-el-3  el_after_av_hr  avia-builder-el-last   \" data-avia-form-id=\"1\" data-avia-redirect='' ><fieldset><p class='  first_form  form_element form_element_half' id='element_avia_1_1'><label for=\"avia_1_1\">\u0627\u0644\u0627\u0633\u0645 <abbr class=\"required\" title=\"required\">*<\/abbr><\/label> <input name=\"avia_1_1\" class=\"text_input is_empty\" type=\"text\" id=\"avia_1_1\" value=\"\" \/><\/p><p class='  form_element form_element_half' id='element_avia_2_1'><label for=\"avia_2_1\">\u0627\u0644\u0628\u0631\u064a\u062f \u0627\u0644\u0627\u0644\u0643\u062a\u0631\u0648\u0646\u064a <abbr class=\"required\" title=\"required\">*<\/abbr><\/label> <input name=\"avia_2_1\" class=\"text_input is_email\" type=\"text\" id=\"avia_2_1\" value=\"\" \/><\/p><p class='  first_form  form_element form_element_half' id='element_avia_3_1'><label for=\"avia_3_1\">\u0627\u0644\u0645\u0648\u0636\u0648\u0639 <abbr class=\"required\" title=\"required\">*<\/abbr><\/label> <input name=\"avia_3_1\" class=\"text_input is_empty\" type=\"text\" id=\"avia_3_1\" value=\"\" \/><\/p><p class='  form_element form_element_half' id='element_avia_4_1'><label for=\"avia_4_1\">\u0631\u0642\u0645 \u0627\u0644\u0647\u0627\u062a\u0641 <abbr class=\"required\" title=\"required\">*<\/abbr><\/label> <input name=\"avia_4_1\" class=\"text_input is_phone\" type=\"text\" id=\"avia_4_1\" value=\"\" \/><\/p><p class='  first_form  form_element form_fullwidth' id='element_avia_5_1'><label for=\"avia_5_1\" class=\"textare_label hidden textare_label_avia_5_1\">\u0627\u0644\u0631\u0633\u0627\u0644\u0629 <abbr class=\"required\" title=\"required\">*<\/abbr><\/label><textarea  name=\"avia_5_1\" class=\"text_area is_empty\" cols=\"40\" rows=\"7\" id=\"avia_5_1\" ><\/textarea><\/p><p class=\"hidden\"><input type=\"text\" name=\"avia_6_1\" class=\"hidden \" id=\"avia_6_1\" value=\"\" \/><\/p><p class='   form_element form_fullwidth' id='element_avia_7_1'><span class='value_verifier_label'>1 + 5 = ?<\/span><input name=\"avia_7_1_verifier\" type=\"hidden\" id=\"avia_7_1_verifier\" value=\"737664867\"\/><label for=\"avia_7_1\">\u0641\u0636\u0644\u0627 .. \u062d\u0644 \u0627\u0644\u0645\u0639\u0627\u062f\u0644\u0629 \u0627\u0644\u0622\u062a\u064a\u0629 (\u062a\u0644\u0643 \u0648\u0633\u064a\u0644\u0629 \u0644\u0644\u062a\u0623\u0643\u062f \u0645\u0646 \u0623\u0646\u0643 \u0644\u0633\u062a \u0631\u0648\u0628\u0648\u062a :)) <abbr class=\"required\" title=\"required\">*<\/abbr><\/label><input name=\"avia_7_1\" class=\"text_input captcha\" type=\"text\" id=\"avia_7_1\" value=\"\"\/><\/p><p class=\"form_element \"><input type=\"hidden\" value=\"1\" name=\"avia_generated_form1\" \/><input type=\"submit\" value=\"\u0623\u0631\u0633\u0644\" class=\"button\"  data-sending-label=\"Sending\"\/><\/p><\/fieldset><\/form><div id=\"ajaxresponse_1\" class=\"ajaxresponse ajaxresponse_1 hidden\"><\/div><\/p><\/div>\n\n<style type=\"text\/css\" data-created_by=\"avia_inline_auto\" id=\"style-css-av-40zoz-c36cc3669740395baa01d8c6f3b008b8\">\n.flex_column.av-40zoz-c36cc3669740395baa01d8c6f3b008b8{\nborder-radius:0px 0px 0px 0px;\npadding:0px 0px 0px 0px;\n}\n<\/style>\n<div  class='flex_column av-40zoz-c36cc3669740395baa01d8c6f3b008b8 av_one_third  avia-builder-el-4  el_after_av_two_third  avia-builder-el-last  flex_column_div av-animated-generic bottom-to-top av-zero-column-padding  '     ><p>\n<style type=\"text\/css\" data-created_by=\"avia_inline_auto\" id=\"style-css-av-1pyhv-9c965743011c3afbde725673d563a5d1\">\n#top .hr.av-1pyhv-9c965743011c3afbde725673d563a5d1{\nmargin-top:10px;\nmargin-bottom:10px;\n}\n.hr.av-1pyhv-9c965743011c3afbde725673d563a5d1 .hr-inner{\nwidth:50px;\nborder-color:#2d5c88;\n}\n<\/style>\n<div  class='hr av-1pyhv-9c965743011c3afbde725673d563a5d1 hr-custom  avia-builder-el-5  el_before_av_textblock  avia-builder-el-first  hr-right hr-icon-no'><span class='hr-inner inner-border-av-border-fat'><span class=\"hr-inner-style\"><\/span><\/span><\/div><br \/>\n<section  class='av_textblock_section av-prer-6008fe16469452224b827c005b941c1d '   itemscope=\"itemscope\" itemtype=\"https:\/\/schema.org\/CreativeWork\" ><div class='avia_textblock'  itemprop=\"text\" ><p><span style=\"font-family: Cairo;\"><strong>\u0627\u0644\u0639\u0646\u0648\u0627\u0646<\/strong><\/span><\/p>\n<p><span style=\"font-family: Cairo;\">\u0130ncili P\u0131nar, Nail Bilen Cd. Hal\u0131 Saray\u0131 \u0130\u015f Merkezi,<\/span><\/p>\n<p><span style=\"font-family: Cairo;\">27090 \u015eehitkamil\/Gaziantep-T\u00fcrkiye<\/span><\/p>\n<p><span style=\"font-family: Cairo;\"><strong>\u0644\u0644\u062a\u0648\u0627\u0635\u0644<\/strong><\/span><br \/>\n<span style=\"font-family: Cairo;\"> info@arakcompany.com.tr<\/span><br \/>\n<span style=\"font-family: Cairo;\"> 00905360613930<\/span><\/p>\n<\/div><\/section><\/p><\/div>\n","protected":false},"excerpt":{"rendered":"","protected":false},"author":3,"featured_media":0,"parent":0,"menu_order":0,"comment_status":"closed","ping_status":"closed","template":"","meta":{"footnotes":""},"class_list":["post-23","page","type-page","status-publish","hentry"],"_links":{"self":[{"href":"https:\/\/www.arakcompany.com.tr\/ar\/wp-json\/wp\/v2\/pages\/23","targetHints":{"allow":["GET"]}}],"collection":[{"href":"https:\/\/www.arakcompany.com.tr\/ar\/wp-json\/wp\/v2\/pages"}],"about":[{"href":"https:\/\/www.arakcompany.com.tr\/ar\/wp-json\/wp\/v2\/types\/page"}],"author":[{"embeddable":true,"href":"https:\/\/www.arakcompany.com.tr\/ar\/wp-json\/wp\/v2\/users\/3"}],"replies":[{"embeddable":true,"href":"https:\/\/www.arakcompany.com.tr\/ar\/wp-json\/wp\/v2\/comments?post=23"}],"version-history":[{"count":9,"href":"https:\/\/www.arakcompany.com.tr\/ar\/wp-json\/wp\/v2\/pages\/23\/revisions"}],"predecessor-version":[{"id":1522,"href":"https:\/\/www.arakcompany.com.tr\/ar\/wp-json\/wp\/v2\/pages\/23\/revisions\/1522"}],"wp:attachment":[{"href":"https:\/\/www.arakcompany.com.tr\/ar\/wp-json\/wp\/v2\/media?parent=23"}],"curies":[{"name":"wp","href":"https:\/\/api.w.org\/{rel}","templated":true}]}}